{"id":2004,"date":"2017-09-22T14:12:09","date_gmt":"2017-09-22T18:12:09","guid":{"rendered":"https:\/\/www.fredericdion.com\/?page_id=2004"},"modified":"2017-09-27T09:54:15","modified_gmt":"2017-09-27T13:54:15","slug":"antidoute","status":"publish","type":"page","link":"https:\/\/www.fredericdion.com\/en\/antidoute\/","title":{"rendered":"Antidoute"},"content":{"rendered":"<blockquote>\n<p>The biggest obstacles to meeting tomorrow\u2019s challenges are our doubts of today. <\/p>\n<\/blockquote>\n<p><a href=\"http:\/\/www.artdupasapas.com\/\" target=\"_blank\" rel=\"noopener\"><img loading=\"lazy\" decoding=\"async\" class=\"size-full wp-image-1442 alignright\" src=\"\/wp-content\/uploads\/2017\/03\/lantidoute.png\" alt=\"\" width=\"113\" height=\"113\" srcset=\"https:\/\/www.fredericdion.com\/wp-content\/uploads\/2017\/03\/lantidoute.png 113w, https:\/\/www.fredericdion.com\/wp-content\/uploads\/2017\/03\/lantidoute-100x100.png 100w\" sizes=\"auto, (max-width: 113px) 100vw, 113px\" \/><\/a><\/p>\n<p>The art of dividing objectives into simple stages to make them easier to complete \u2013 this is an efficient way to keep us in the present and ensure that our thoughts are not filled with doubts. It takes us back to the essentials of life \u2013 the here and the now. <\/p>\n<p>A <a href=\"http:\/\/www.artdupasapas.com\/#livre\" target=\"_blank\" rel=\"noopener\">book<\/a> and <a href=\"http:\/\/www.artdupasapas.com\/#conferences\" target=\"_blank\" rel=\"noopener\">conferences<\/a> that help people understand the fundamental scientific principles of psychology, which gives examples, offers step-by-step processes to reach objectives stress-free and calmly.<\/p>\n","protected":false},"excerpt":{"rendered":"<p>The biggest obstacles to meeting tomorrow\u2019s challenges are our doubts of today. The art of dividing objectives into simple stages to make them easier to&#8230; <\/p>\n<div><a href=\"https:\/\/www.fredericdion.com\/en\/antidoute\/\" class=\"btn btn-default\"><span class=\"btn-default__hover\">More<\/span><\/a><\/div>\n","protected":false},"author":1,"featured_media":0,"parent":0,"menu_order":0,"comment_status":"closed","ping_status":"closed","template":"","meta":{"_acf_changed":false,"footnotes":""},"class_list":["post-2004","page","type-page","status-publish","hentry"],"acf":[],"yoast_head":"<!-- This site is optimized with the Yoast SEO plugin v27.6 - https:\/\/yoast.com\/product\/yoast-seo-wordpress\/ -->\n<title>Antidoute - Fr\u00e9d\u00e9ric Dion, Adventures &amp; Conferences<\/title>\n<meta name=\"description\" content=\"The biggest obstacles to meeting tomorrow\u2019s challenges are our doubts of today. The art of dividing objectives into simple stages to make them easier to\" \/>\n<meta name=\"robots\" content=\"index, follow, max-snippet:-1, max-image-preview:large, max-video-preview:-1\" \/>\n<link rel=\"canonical\" href=\"https:\/\/www.fredericdion.com\/en\/antidoute\/\" \/>\n<meta property=\"og:locale\" content=\"en_US\" \/>\n<meta property=\"og:type\" content=\"article\" \/>\n<meta property=\"og:title\" content=\"Antidoute - Fr\u00e9d\u00e9ric Dion, Adventures &amp; Conferences\" \/>\n<meta property=\"og:description\" content=\"The biggest obstacles to meeting tomorrow\u2019s challenges are our doubts of today. The art of dividing objectives into simple stages to make them easier to\" \/>\n<meta property=\"og:url\" content=\"https:\/\/www.fredericdion.com\/en\/antidoute\/\" \/>\n<meta property=\"og:site_name\" content=\"Fr\u00e9d\u00e9ric Dion\" \/>\n<meta property=\"article:modified_time\" content=\"2017-09-27T13:54:15+00:00\" \/>\n<meta property=\"og:image\" content=\"https:\/\/www.fredericdion.com\/wp-content\/uploads\/2017\/03\/lantidoute.png\" \/>\n<meta name=\"twitter:card\" content=\"summary_large_image\" \/>\n<script type=\"application\/ld+json\" class=\"yoast-schema-graph\">{\"@context\":\"https:\\\/\\\/schema.org\",\"@graph\":[{\"@type\":\"WebPage\",\"@id\":\"https:\\\/\\\/www.fredericdion.com\\\/en\\\/antidoute\\\/\",\"url\":\"https:\\\/\\\/www.fredericdion.com\\\/en\\\/antidoute\\\/\",\"name\":\"Antidoute - Fr\u00e9d\u00e9ric Dion, Adventures & Conferences\",\"isPartOf\":{\"@id\":\"https:\\\/\\\/www.fredericdion.com\\\/#website\"},\"datePublished\":\"2017-09-22T18:12:09+00:00\",\"dateModified\":\"2017-09-27T13:54:15+00:00\",\"description\":\"The biggest obstacles to meeting tomorrow\u2019s challenges are our doubts of today. The art of dividing objectives into simple stages to make them easier to\",\"breadcrumb\":{\"@id\":\"https:\\\/\\\/www.fredericdion.com\\\/en\\\/antidoute\\\/#breadcrumb\"},\"inLanguage\":\"en-US\",\"potentialAction\":[{\"@type\":\"ReadAction\",\"target\":[\"https:\\\/\\\/www.fredericdion.com\\\/en\\\/antidoute\\\/\"]}]},{\"@type\":\"BreadcrumbList\",\"@id\":\"https:\\\/\\\/www.fredericdion.com\\\/en\\\/antidoute\\\/#breadcrumb\",\"itemListElement\":[{\"@type\":\"ListItem\",\"position\":1,\"name\":\"\",\"item\":\"https:\\\/\\\/www.fredericdion.com\\\/en\\\/\"},{\"@type\":\"ListItem\",\"position\":2,\"name\":\"Antidoute\"}]},{\"@type\":\"WebSite\",\"@id\":\"https:\\\/\\\/www.fredericdion.com\\\/#website\",\"url\":\"https:\\\/\\\/www.fredericdion.com\\\/\",\"name\":\"Fr\u00e9d\u00e9ric Dion\",\"description\":\"Aventurier et conf\u00e9rencier : Plein air et aventure\",\"potentialAction\":[{\"@type\":\"SearchAction\",\"target\":{\"@type\":\"EntryPoint\",\"urlTemplate\":\"https:\\\/\\\/www.fredericdion.com\\\/?s={search_term_string}\"},\"query-input\":{\"@type\":\"PropertyValueSpecification\",\"valueRequired\":true,\"valueName\":\"search_term_string\"}}],\"inLanguage\":\"en-US\"}]}<\/script>\n<!-- \/ Yoast SEO plugin. -->","yoast_head_json":{"title":"Antidoute - Fr\u00e9d\u00e9ric Dion, Adventures & Conferences","description":"The biggest obstacles to meeting tomorrow\u2019s challenges are our doubts of today. The art of dividing objectives into simple stages to make them easier to","robots":{"index":"index","follow":"follow","max-snippet":"max-snippet:-1","max-image-preview":"max-image-preview:large","max-video-preview":"max-video-preview:-1"},"canonical":"https:\/\/www.fredericdion.com\/en\/antidoute\/","og_locale":"en_US","og_type":"article","og_title":"Antidoute - Fr\u00e9d\u00e9ric Dion, Adventures & Conferences","og_description":"The biggest obstacles to meeting tomorrow\u2019s challenges are our doubts of today. The art of dividing objectives into simple stages to make them easier to","og_url":"https:\/\/www.fredericdion.com\/en\/antidoute\/","og_site_name":"Fr\u00e9d\u00e9ric Dion","article_modified_time":"2017-09-27T13:54:15+00:00","og_image":[{"url":"https:\/\/www.fredericdion.com\/wp-content\/uploads\/2017\/03\/lantidoute.png","type":"","width":"","height":""}],"twitter_card":"summary_large_image","schema":{"@context":"https:\/\/schema.org","@graph":[{"@type":"WebPage","@id":"https:\/\/www.fredericdion.com\/en\/antidoute\/","url":"https:\/\/www.fredericdion.com\/en\/antidoute\/","name":"Antidoute - Fr\u00e9d\u00e9ric Dion, Adventures & Conferences","isPartOf":{"@id":"https:\/\/www.fredericdion.com\/#website"},"datePublished":"2017-09-22T18:12:09+00:00","dateModified":"2017-09-27T13:54:15+00:00","description":"The biggest obstacles to meeting tomorrow\u2019s challenges are our doubts of today. The art of dividing objectives into simple stages to make them easier to","breadcrumb":{"@id":"https:\/\/www.fredericdion.com\/en\/antidoute\/#breadcrumb"},"inLanguage":"en-US","potentialAction":[{"@type":"ReadAction","target":["https:\/\/www.fredericdion.com\/en\/antidoute\/"]}]},{"@type":"BreadcrumbList","@id":"https:\/\/www.fredericdion.com\/en\/antidoute\/#breadcrumb","itemListElement":[{"@type":"ListItem","position":1,"name":"","item":"https:\/\/www.fredericdion.com\/en\/"},{"@type":"ListItem","position":2,"name":"Antidoute"}]},{"@type":"WebSite","@id":"https:\/\/www.fredericdion.com\/#website","url":"https:\/\/www.fredericdion.com\/","name":"Fr\u00e9d\u00e9ric Dion","description":"Aventurier et conf\u00e9rencier : Plein air et aventure","potentialAction":[{"@type":"SearchAction","target":{"@type":"EntryPoint","urlTemplate":"https:\/\/www.fredericdion.com\/?s={search_term_string}"},"query-input":{"@type":"PropertyValueSpecification","valueRequired":true,"valueName":"search_term_string"}}],"inLanguage":"en-US"}]}},"_links":{"self":[{"href":"https:\/\/www.fredericdion.com\/en\/wp-json\/wp\/v2\/pages\/2004","targetHints":{"allow":["GET"]}}],"collection":[{"href":"https:\/\/www.fredericdion.com\/en\/wp-json\/wp\/v2\/pages"}],"about":[{"href":"https:\/\/www.fredericdion.com\/en\/wp-json\/wp\/v2\/types\/page"}],"author":[{"embeddable":true,"href":"https:\/\/www.fredericdion.com\/en\/wp-json\/wp\/v2\/users\/1"}],"replies":[{"embeddable":true,"href":"https:\/\/www.fredericdion.com\/en\/wp-json\/wp\/v2\/comments?post=2004"}],"version-history":[{"count":3,"href":"https:\/\/www.fredericdion.com\/en\/wp-json\/wp\/v2\/pages\/2004\/revisions"}],"predecessor-version":[{"id":2079,"href":"https:\/\/www.fredericdion.com\/en\/wp-json\/wp\/v2\/pages\/2004\/revisions\/2079"}],"wp:attachment":[{"href":"https:\/\/www.fredericdion.com\/en\/wp-json\/wp\/v2\/media?parent=2004"}],"curies":[{"name":"wp","href":"https:\/\/api.w.org\/{rel}","templated":true}]}}