{"id":1977,"date":"2017-03-16T17:48:49","date_gmt":"2017-03-16T21:48:49","guid":{"rendered":"https:\/\/www.fredericdion.com\/media\/"},"modified":"2017-09-27T09:55:05","modified_gmt":"2017-09-27T13:55:05","slug":"media","status":"publish","type":"page","link":"https:\/\/www.fredericdion.com\/en\/media\/","title":{"rendered":"Media"},"content":{"rendered":"<p>To organise an interview with Fr\u00e9d\u00e9ric Dion, please communicate with Genevi\u00e8ve St-Denis, Public Relations, at 819-432-6014 or by email at\u00a0<a href=\"mailto:genevievestdenis@gmail.com\" target=\"_blank\" rel=\"noopener noreferrer\">genevievestdenis@gmail.com<\/a>.<\/p>\n","protected":false},"excerpt":{"rendered":"<p>To organise an interview with Fr\u00e9d\u00e9ric Dion, please communicate with Genevi\u00e8ve St-Denis, Public Relations, at 819-432-6014 or by email at\u00a0genevievestdenis@gmail.com.<\/p>\n","protected":false},"author":1,"featured_media":0,"parent":0,"menu_order":0,"comment_status":"closed","ping_status":"closed","template":"page-medias.php","meta":{"_acf_changed":false,"footnotes":""},"class_list":["post-1977","page","type-page","status-publish","hentry"],"acf":[],"yoast_head":"<!-- This site is optimized with the Yoast SEO plugin v27.6 - https:\/\/yoast.com\/product\/yoast-seo-wordpress\/ -->\n<title>Media - Fr\u00e9d\u00e9ric Dion, Adventures &amp; Conferences<\/title>\n<meta name=\"description\" content=\"To organise an interview with Fr\u00e9d\u00e9ric Dion, please communicate with Genevi\u00e8ve St-Denis, Public Relations, at 819-432-6014 or by email\" \/>\n<meta name=\"robots\" content=\"index, follow, max-snippet:-1, max-image-preview:large, max-video-preview:-1\" \/>\n<link rel=\"canonical\" href=\"https:\/\/www.fredericdion.com\/en\/media\/\" \/>\n<meta property=\"og:locale\" content=\"en_US\" \/>\n<meta property=\"og:type\" content=\"article\" \/>\n<meta property=\"og:title\" content=\"Media - Fr\u00e9d\u00e9ric Dion, Adventures &amp; Conferences\" \/>\n<meta property=\"og:description\" content=\"To organise an interview with Fr\u00e9d\u00e9ric Dion, please communicate with Genevi\u00e8ve St-Denis, Public Relations, at 819-432-6014 or by email\" \/>\n<meta property=\"og:url\" content=\"https:\/\/www.fredericdion.com\/en\/media\/\" \/>\n<meta property=\"og:site_name\" content=\"Fr\u00e9d\u00e9ric Dion\" \/>\n<meta property=\"article:modified_time\" content=\"2017-09-27T13:55:05+00:00\" \/>\n<meta property=\"og:image\" content=\"https:\/\/www.fredericdion.com\/wp-content\/uploads\/2017\/07\/2-d\u00e9termine.jpg\" \/>\n\t<meta property=\"og:image:width\" content=\"1920\" \/>\n\t<meta property=\"og:image:height\" content=\"750\" \/>\n\t<meta property=\"og:image:type\" content=\"image\/jpeg\" \/>\n<meta name=\"twitter:card\" content=\"summary_large_image\" \/>\n<script type=\"application\/ld+json\" class=\"yoast-schema-graph\">{\"@context\":\"https:\\\/\\\/schema.org\",\"@graph\":[{\"@type\":\"WebPage\",\"@id\":\"https:\\\/\\\/www.fredericdion.com\\\/en\\\/media\\\/\",\"url\":\"https:\\\/\\\/www.fredericdion.com\\\/en\\\/media\\\/\",\"name\":\"Media - Fr\u00e9d\u00e9ric Dion, Adventures & Conferences\",\"isPartOf\":{\"@id\":\"https:\\\/\\\/www.fredericdion.com\\\/#website\"},\"datePublished\":\"2017-03-16T21:48:49+00:00\",\"dateModified\":\"2017-09-27T13:55:05+00:00\",\"description\":\"To organise an interview with Fr\u00e9d\u00e9ric Dion, please communicate with Genevi\u00e8ve St-Denis, Public Relations, at 819-432-6014 or by email\",\"breadcrumb\":{\"@id\":\"https:\\\/\\\/www.fredericdion.com\\\/en\\\/media\\\/#breadcrumb\"},\"inLanguage\":\"en-US\",\"potentialAction\":[{\"@type\":\"ReadAction\",\"target\":[\"https:\\\/\\\/www.fredericdion.com\\\/en\\\/media\\\/\"]}]},{\"@type\":\"BreadcrumbList\",\"@id\":\"https:\\\/\\\/www.fredericdion.com\\\/en\\\/media\\\/#breadcrumb\",\"itemListElement\":[{\"@type\":\"ListItem\",\"position\":1,\"name\":\"\",\"item\":\"https:\\\/\\\/www.fredericdion.com\\\/en\\\/\"},{\"@type\":\"ListItem\",\"position\":2,\"name\":\"Media\"}]},{\"@type\":\"WebSite\",\"@id\":\"https:\\\/\\\/www.fredericdion.com\\\/#website\",\"url\":\"https:\\\/\\\/www.fredericdion.com\\\/\",\"name\":\"Fr\u00e9d\u00e9ric Dion\",\"description\":\"Aventurier et conf\u00e9rencier : Plein air et aventure\",\"potentialAction\":[{\"@type\":\"SearchAction\",\"target\":{\"@type\":\"EntryPoint\",\"urlTemplate\":\"https:\\\/\\\/www.fredericdion.com\\\/?s={search_term_string}\"},\"query-input\":{\"@type\":\"PropertyValueSpecification\",\"valueRequired\":true,\"valueName\":\"search_term_string\"}}],\"inLanguage\":\"en-US\"}]}<\/script>\n<!-- \/ Yoast SEO plugin. -->","yoast_head_json":{"title":"Media - Fr\u00e9d\u00e9ric Dion, Adventures & Conferences","description":"To organise an interview with Fr\u00e9d\u00e9ric Dion, please communicate with Genevi\u00e8ve St-Denis, Public Relations, at 819-432-6014 or by email","robots":{"index":"index","follow":"follow","max-snippet":"max-snippet:-1","max-image-preview":"max-image-preview:large","max-video-preview":"max-video-preview:-1"},"canonical":"https:\/\/www.fredericdion.com\/en\/media\/","og_locale":"en_US","og_type":"article","og_title":"Media - Fr\u00e9d\u00e9ric Dion, Adventures & Conferences","og_description":"To organise an interview with Fr\u00e9d\u00e9ric Dion, please communicate with Genevi\u00e8ve St-Denis, Public Relations, at 819-432-6014 or by email","og_url":"https:\/\/www.fredericdion.com\/en\/media\/","og_site_name":"Fr\u00e9d\u00e9ric Dion","article_modified_time":"2017-09-27T13:55:05+00:00","og_image":[{"width":1920,"height":750,"url":"https:\/\/www.fredericdion.com\/wp-content\/uploads\/2017\/07\/2-d\u00e9termine.jpg","type":"image\/jpeg"}],"twitter_card":"summary_large_image","schema":{"@context":"https:\/\/schema.org","@graph":[{"@type":"WebPage","@id":"https:\/\/www.fredericdion.com\/en\/media\/","url":"https:\/\/www.fredericdion.com\/en\/media\/","name":"Media - Fr\u00e9d\u00e9ric Dion, Adventures & Conferences","isPartOf":{"@id":"https:\/\/www.fredericdion.com\/#website"},"datePublished":"2017-03-16T21:48:49+00:00","dateModified":"2017-09-27T13:55:05+00:00","description":"To organise an interview with Fr\u00e9d\u00e9ric Dion, please communicate with Genevi\u00e8ve St-Denis, Public Relations, at 819-432-6014 or by email","breadcrumb":{"@id":"https:\/\/www.fredericdion.com\/en\/media\/#breadcrumb"},"inLanguage":"en-US","potentialAction":[{"@type":"ReadAction","target":["https:\/\/www.fredericdion.com\/en\/media\/"]}]},{"@type":"BreadcrumbList","@id":"https:\/\/www.fredericdion.com\/en\/media\/#breadcrumb","itemListElement":[{"@type":"ListItem","position":1,"name":"","item":"https:\/\/www.fredericdion.com\/en\/"},{"@type":"ListItem","position":2,"name":"Media"}]},{"@type":"WebSite","@id":"https:\/\/www.fredericdion.com\/#website","url":"https:\/\/www.fredericdion.com\/","name":"Fr\u00e9d\u00e9ric Dion","description":"Aventurier et conf\u00e9rencier : Plein air et aventure","potentialAction":[{"@type":"SearchAction","target":{"@type":"EntryPoint","urlTemplate":"https:\/\/www.fredericdion.com\/?s={search_term_string}"},"query-input":{"@type":"PropertyValueSpecification","valueRequired":true,"valueName":"search_term_string"}}],"inLanguage":"en-US"}]}},"_links":{"self":[{"href":"https:\/\/www.fredericdion.com\/en\/wp-json\/wp\/v2\/pages\/1977","targetHints":{"allow":["GET"]}}],"collection":[{"href":"https:\/\/www.fredericdion.com\/en\/wp-json\/wp\/v2\/pages"}],"about":[{"href":"https:\/\/www.fredericdion.com\/en\/wp-json\/wp\/v2\/types\/page"}],"author":[{"embeddable":true,"href":"https:\/\/www.fredericdion.com\/en\/wp-json\/wp\/v2\/users\/1"}],"replies":[{"embeddable":true,"href":"https:\/\/www.fredericdion.com\/en\/wp-json\/wp\/v2\/comments?post=1977"}],"version-history":[{"count":5,"href":"https:\/\/www.fredericdion.com\/en\/wp-json\/wp\/v2\/pages\/1977\/revisions"}],"predecessor-version":[{"id":2083,"href":"https:\/\/www.fredericdion.com\/en\/wp-json\/wp\/v2\/pages\/1977\/revisions\/2083"}],"wp:attachment":[{"href":"https:\/\/www.fredericdion.com\/en\/wp-json\/wp\/v2\/media?parent=1977"}],"curies":[{"name":"wp","href":"https:\/\/api.w.org\/{rel}","templated":true}]}}