{"id":1924,"date":"2017-03-16T17:51:24","date_gmt":"2017-03-16T21:51:24","guid":{"rendered":"https:\/\/www.fredericdion.com\/scolaires\/"},"modified":"2017-09-27T09:54:47","modified_gmt":"2017-09-27T13:54:47","slug":"school","status":"publish","type":"page","link":"https:\/\/www.fredericdion.com\/en\/conferences\/school\/","title":{"rendered":"Schools"},"content":{"rendered":"<h6>Life is full of adventures for your students. Do you want them to dare to adventure?<\/h6>\n<p>More than 200,000 young people have attended Fr\u00e9d\u00e9ric Dion\u2019s different conferences. Whatever the size of the group, he knows how to capture the attention of students, inspire them and motivate them!<\/p>\n<p>His interactive conferences are used as didactic tools and are adapted for younger audiences. In addition to motivation and dreams, <strong>here are the specific themes dealt with in each of the presentations:<\/strong><\/p>\n","protected":false},"excerpt":{"rendered":"<p>Life is full of adventures for your students. Do you want them to dare to adventure? More than 200,000 young people have attended Fr\u00e9d\u00e9ric Dion\u2019s&#8230; <\/p>\n<div><a href=\"https:\/\/www.fredericdion.com\/en\/conferences\/school\/\" class=\"btn btn-default\"><span class=\"btn-default__hover\">More<\/span><\/a><\/div>\n","protected":false},"author":1,"featured_media":0,"parent":1936,"menu_order":0,"comment_status":"closed","ping_status":"closed","template":"page-conferences.php","meta":{"_acf_changed":false,"footnotes":""},"class_list":["post-1924","page","type-page","status-publish","hentry"],"acf":[],"yoast_head":"<!-- This site is optimized with the Yoast SEO plugin v27.6 - https:\/\/yoast.com\/product\/yoast-seo-wordpress\/ -->\n<title>Schools - Fr\u00e9d\u00e9ric Dion, Adventures &amp; Conferences<\/title>\n<meta name=\"description\" content=\"Life is full of adventures for your students. Do you want them to dare to adventure? More than 200,000 young people have attended Fr\u00e9d\u00e9ric Dion\u2019s\" \/>\n<meta name=\"robots\" content=\"index, follow, max-snippet:-1, max-image-preview:large, max-video-preview:-1\" \/>\n<link rel=\"canonical\" href=\"https:\/\/www.fredericdion.com\/en\/conferences\/school\/\" \/>\n<meta property=\"og:locale\" content=\"en_US\" \/>\n<meta property=\"og:type\" content=\"article\" \/>\n<meta property=\"og:title\" content=\"Schools - Fr\u00e9d\u00e9ric Dion, Adventures &amp; Conferences\" \/>\n<meta property=\"og:description\" content=\"Life is full of adventures for your students. Do you want them to dare to adventure? More than 200,000 young people have attended Fr\u00e9d\u00e9ric Dion\u2019s\" \/>\n<meta property=\"og:url\" content=\"https:\/\/www.fredericdion.com\/en\/conferences\/school\/\" \/>\n<meta property=\"og:site_name\" content=\"Fr\u00e9d\u00e9ric Dion\" \/>\n<meta property=\"article:modified_time\" content=\"2017-09-27T13:54:47+00:00\" \/>\n<meta property=\"og:image\" content=\"https:\/\/www.fredericdion.com\/wp-content\/uploads\/2017\/07\/2-d\u00e9termine.jpg\" \/>\n\t<meta property=\"og:image:width\" content=\"1920\" \/>\n\t<meta property=\"og:image:height\" content=\"750\" \/>\n\t<meta property=\"og:image:type\" content=\"image\/jpeg\" \/>\n<meta name=\"twitter:card\" content=\"summary_large_image\" \/>\n<script type=\"application\/ld+json\" class=\"yoast-schema-graph\">{\"@context\":\"https:\\\/\\\/schema.org\",\"@graph\":[{\"@type\":\"WebPage\",\"@id\":\"https:\\\/\\\/www.fredericdion.com\\\/en\\\/conferences\\\/school\\\/\",\"url\":\"https:\\\/\\\/www.fredericdion.com\\\/en\\\/conferences\\\/school\\\/\",\"name\":\"Schools - Fr\u00e9d\u00e9ric Dion, Adventures & Conferences\",\"isPartOf\":{\"@id\":\"https:\\\/\\\/www.fredericdion.com\\\/#website\"},\"datePublished\":\"2017-03-16T21:51:24+00:00\",\"dateModified\":\"2017-09-27T13:54:47+00:00\",\"description\":\"Life is full of adventures for your students. Do you want them to dare to adventure? More than 200,000 young people have attended Fr\u00e9d\u00e9ric Dion\u2019s\",\"breadcrumb\":{\"@id\":\"https:\\\/\\\/www.fredericdion.com\\\/en\\\/conferences\\\/school\\\/#breadcrumb\"},\"inLanguage\":\"en-US\",\"potentialAction\":[{\"@type\":\"ReadAction\",\"target\":[\"https:\\\/\\\/www.fredericdion.com\\\/en\\\/conferences\\\/school\\\/\"]}]},{\"@type\":\"BreadcrumbList\",\"@id\":\"https:\\\/\\\/www.fredericdion.com\\\/en\\\/conferences\\\/school\\\/#breadcrumb\",\"itemListElement\":[{\"@type\":\"ListItem\",\"position\":1,\"name\":\"\",\"item\":\"https:\\\/\\\/www.fredericdion.com\\\/en\\\/\"},{\"@type\":\"ListItem\",\"position\":2,\"name\":\"Conferences\",\"item\":\"https:\\\/\\\/www.fredericdion.com\\\/en\\\/conferences\\\/\"},{\"@type\":\"ListItem\",\"position\":3,\"name\":\"Schools\"}]},{\"@type\":\"WebSite\",\"@id\":\"https:\\\/\\\/www.fredericdion.com\\\/#website\",\"url\":\"https:\\\/\\\/www.fredericdion.com\\\/\",\"name\":\"Fr\u00e9d\u00e9ric Dion\",\"description\":\"Aventurier et conf\u00e9rencier : Plein air et aventure\",\"potentialAction\":[{\"@type\":\"SearchAction\",\"target\":{\"@type\":\"EntryPoint\",\"urlTemplate\":\"https:\\\/\\\/www.fredericdion.com\\\/?s={search_term_string}\"},\"query-input\":{\"@type\":\"PropertyValueSpecification\",\"valueRequired\":true,\"valueName\":\"search_term_string\"}}],\"inLanguage\":\"en-US\"}]}<\/script>\n<!-- \/ Yoast SEO plugin. -->","yoast_head_json":{"title":"Schools - Fr\u00e9d\u00e9ric Dion, Adventures & Conferences","description":"Life is full of adventures for your students. Do you want them to dare to adventure? More than 200,000 young people have attended Fr\u00e9d\u00e9ric Dion\u2019s","robots":{"index":"index","follow":"follow","max-snippet":"max-snippet:-1","max-image-preview":"max-image-preview:large","max-video-preview":"max-video-preview:-1"},"canonical":"https:\/\/www.fredericdion.com\/en\/conferences\/school\/","og_locale":"en_US","og_type":"article","og_title":"Schools - Fr\u00e9d\u00e9ric Dion, Adventures & Conferences","og_description":"Life is full of adventures for your students. Do you want them to dare to adventure? More than 200,000 young people have attended Fr\u00e9d\u00e9ric Dion\u2019s","og_url":"https:\/\/www.fredericdion.com\/en\/conferences\/school\/","og_site_name":"Fr\u00e9d\u00e9ric Dion","article_modified_time":"2017-09-27T13:54:47+00:00","og_image":[{"width":1920,"height":750,"url":"https:\/\/www.fredericdion.com\/wp-content\/uploads\/2017\/07\/2-d\u00e9termine.jpg","type":"image\/jpeg"}],"twitter_card":"summary_large_image","schema":{"@context":"https:\/\/schema.org","@graph":[{"@type":"WebPage","@id":"https:\/\/www.fredericdion.com\/en\/conferences\/school\/","url":"https:\/\/www.fredericdion.com\/en\/conferences\/school\/","name":"Schools - Fr\u00e9d\u00e9ric Dion, Adventures & Conferences","isPartOf":{"@id":"https:\/\/www.fredericdion.com\/#website"},"datePublished":"2017-03-16T21:51:24+00:00","dateModified":"2017-09-27T13:54:47+00:00","description":"Life is full of adventures for your students. Do you want them to dare to adventure? More than 200,000 young people have attended Fr\u00e9d\u00e9ric Dion\u2019s","breadcrumb":{"@id":"https:\/\/www.fredericdion.com\/en\/conferences\/school\/#breadcrumb"},"inLanguage":"en-US","potentialAction":[{"@type":"ReadAction","target":["https:\/\/www.fredericdion.com\/en\/conferences\/school\/"]}]},{"@type":"BreadcrumbList","@id":"https:\/\/www.fredericdion.com\/en\/conferences\/school\/#breadcrumb","itemListElement":[{"@type":"ListItem","position":1,"name":"","item":"https:\/\/www.fredericdion.com\/en\/"},{"@type":"ListItem","position":2,"name":"Conferences","item":"https:\/\/www.fredericdion.com\/en\/conferences\/"},{"@type":"ListItem","position":3,"name":"Schools"}]},{"@type":"WebSite","@id":"https:\/\/www.fredericdion.com\/#website","url":"https:\/\/www.fredericdion.com\/","name":"Fr\u00e9d\u00e9ric Dion","description":"Aventurier et conf\u00e9rencier : Plein air et aventure","potentialAction":[{"@type":"SearchAction","target":{"@type":"EntryPoint","urlTemplate":"https:\/\/www.fredericdion.com\/?s={search_term_string}"},"query-input":{"@type":"PropertyValueSpecification","valueRequired":true,"valueName":"search_term_string"}}],"inLanguage":"en-US"}]}},"_links":{"self":[{"href":"https:\/\/www.fredericdion.com\/en\/wp-json\/wp\/v2\/pages\/1924","targetHints":{"allow":["GET"]}}],"collection":[{"href":"https:\/\/www.fredericdion.com\/en\/wp-json\/wp\/v2\/pages"}],"about":[{"href":"https:\/\/www.fredericdion.com\/en\/wp-json\/wp\/v2\/types\/page"}],"author":[{"embeddable":true,"href":"https:\/\/www.fredericdion.com\/en\/wp-json\/wp\/v2\/users\/1"}],"replies":[{"embeddable":true,"href":"https:\/\/www.fredericdion.com\/en\/wp-json\/wp\/v2\/comments?post=1924"}],"version-history":[{"count":4,"href":"https:\/\/www.fredericdion.com\/en\/wp-json\/wp\/v2\/pages\/1924\/revisions"}],"predecessor-version":[{"id":2025,"href":"https:\/\/www.fredericdion.com\/en\/wp-json\/wp\/v2\/pages\/1924\/revisions\/2025"}],"up":[{"embeddable":true,"href":"https:\/\/www.fredericdion.com\/en\/wp-json\/wp\/v2\/pages\/1936"}],"wp:attachment":[{"href":"https:\/\/www.fredericdion.com\/en\/wp-json\/wp\/v2\/media?parent=1924"}],"curies":[{"name":"wp","href":"https:\/\/api.w.org\/{rel}","templated":true}]}}