{"id":1908,"date":"2017-03-16T17:49:10","date_gmt":"2017-03-16T21:49:10","guid":{"rendered":"https:\/\/www.fredericdion.com\/nous-joindre\/"},"modified":"2024-07-23T10:43:36","modified_gmt":"2024-07-23T14:43:36","slug":"contact-us","status":"publish","type":"page","link":"https:\/\/www.fredericdion.com\/en\/contact-us\/","title":{"rendered":"Contact us"},"content":{"rendered":"<div class=\"contact-information\">\n<div class=\"contact-information__title\">\n<h3>Fr\u00e9d\u00e9ric Dion<\/h3>\n<h4>Adventurer and speaker<\/h4>\n<\/div>\n<div class=\"contact-information__content\">\n<p><strong>Phone:<\/strong> <a href=\"tel:8194483384\">819 448-3384<\/a><\/p>\n<p>101 Mont\u00e9e Comtois <br \/>\nNotre-Dame-du-Mont-Carmel (Qu\u00e9bec) <br \/>\nG0X 3J0<\/p>\n<p><a href=\"mailto:info@fredericdion.com\">info@fredericdion.com<\/a><\/p>\n<\/div>\n<\/div>\n","protected":false},"excerpt":{"rendered":"<p>Fr\u00e9d\u00e9ric Dion Adventurer and speaker Phone: 819 448-3384 101 Mont\u00e9e Comtois Notre-Dame-du-Mont-Carmel (Qu\u00e9bec) G0X 3J0 info@fredericdion.com<\/p>\n","protected":false},"author":1,"featured_media":0,"parent":0,"menu_order":0,"comment_status":"closed","ping_status":"closed","template":"page-nous-joindre.php","meta":{"_acf_changed":false,"footnotes":""},"class_list":["post-1908","page","type-page","status-publish","hentry"],"acf":[],"yoast_head":"<!-- This site is optimized with the Yoast SEO plugin v27.6 - https:\/\/yoast.com\/product\/yoast-seo-wordpress\/ -->\n<title>Contact us - Fr\u00e9d\u00e9ric Dion, Adventures &amp; Conferences<\/title>\n<meta name=\"description\" content=\"Fr\u00e9d\u00e9ric Dion Adventurer and speaker   Phone: 819 448-3384 101 Mont\u00e9e Comtois  Notre-Dame-du-Mont-Carmel (Qu\u00e9bec)  G0X 3J0 info@fredericdion.com\" \/>\n<meta name=\"robots\" content=\"index, follow, max-snippet:-1, max-image-preview:large, max-video-preview:-1\" \/>\n<link rel=\"canonical\" href=\"https:\/\/www.fredericdion.com\/en\/contact-us\/\" \/>\n<meta property=\"og:locale\" content=\"en_US\" \/>\n<meta property=\"og:type\" content=\"article\" \/>\n<meta property=\"og:title\" content=\"Contact us - Fr\u00e9d\u00e9ric Dion, Adventures &amp; Conferences\" \/>\n<meta property=\"og:description\" content=\"Fr\u00e9d\u00e9ric Dion Adventurer and speaker   Phone: 819 448-3384 101 Mont\u00e9e Comtois  Notre-Dame-du-Mont-Carmel (Qu\u00e9bec)  G0X 3J0 info@fredericdion.com\" \/>\n<meta property=\"og:url\" content=\"https:\/\/www.fredericdion.com\/en\/contact-us\/\" \/>\n<meta property=\"og:site_name\" content=\"Fr\u00e9d\u00e9ric Dion\" \/>\n<meta property=\"article:modified_time\" content=\"2024-07-23T14:43:36+00:00\" \/>\n<meta property=\"og:image\" content=\"https:\/\/www.fredericdion.com\/wp-content\/uploads\/2017\/07\/2-d\u00e9termine.jpg\" \/>\n\t<meta property=\"og:image:width\" content=\"1920\" \/>\n\t<meta property=\"og:image:height\" content=\"750\" \/>\n\t<meta property=\"og:image:type\" content=\"image\/jpeg\" \/>\n<meta name=\"twitter:card\" content=\"summary_large_image\" \/>\n<meta name=\"twitter:label1\" content=\"Est. reading time\" \/>\n\t<meta name=\"twitter:data1\" content=\"1 minute\" \/>\n<script type=\"application\/ld+json\" class=\"yoast-schema-graph\">{\"@context\":\"https:\\\/\\\/schema.org\",\"@graph\":[{\"@type\":\"WebPage\",\"@id\":\"https:\\\/\\\/www.fredericdion.com\\\/en\\\/contact-us\\\/\",\"url\":\"https:\\\/\\\/www.fredericdion.com\\\/en\\\/contact-us\\\/\",\"name\":\"Contact us - Fr\u00e9d\u00e9ric Dion, Adventures & Conferences\",\"isPartOf\":{\"@id\":\"https:\\\/\\\/www.fredericdion.com\\\/#website\"},\"datePublished\":\"2017-03-16T21:49:10+00:00\",\"dateModified\":\"2024-07-23T14:43:36+00:00\",\"description\":\"Fr\u00e9d\u00e9ric Dion Adventurer and speaker Phone: 819 448-3384 101 Mont\u00e9e Comtois Notre-Dame-du-Mont-Carmel (Qu\u00e9bec) G0X 3J0 info@fredericdion.com\",\"breadcrumb\":{\"@id\":\"https:\\\/\\\/www.fredericdion.com\\\/en\\\/contact-us\\\/#breadcrumb\"},\"inLanguage\":\"en-US\",\"potentialAction\":[{\"@type\":\"ReadAction\",\"target\":[\"https:\\\/\\\/www.fredericdion.com\\\/en\\\/contact-us\\\/\"]}]},{\"@type\":\"BreadcrumbList\",\"@id\":\"https:\\\/\\\/www.fredericdion.com\\\/en\\\/contact-us\\\/#breadcrumb\",\"itemListElement\":[{\"@type\":\"ListItem\",\"position\":1,\"name\":\"\",\"item\":\"https:\\\/\\\/www.fredericdion.com\\\/en\\\/\"},{\"@type\":\"ListItem\",\"position\":2,\"name\":\"Contact us\"}]},{\"@type\":\"WebSite\",\"@id\":\"https:\\\/\\\/www.fredericdion.com\\\/#website\",\"url\":\"https:\\\/\\\/www.fredericdion.com\\\/\",\"name\":\"Fr\u00e9d\u00e9ric Dion\",\"description\":\"Aventurier et conf\u00e9rencier : Plein air et aventure\",\"potentialAction\":[{\"@type\":\"SearchAction\",\"target\":{\"@type\":\"EntryPoint\",\"urlTemplate\":\"https:\\\/\\\/www.fredericdion.com\\\/?s={search_term_string}\"},\"query-input\":{\"@type\":\"PropertyValueSpecification\",\"valueRequired\":true,\"valueName\":\"search_term_string\"}}],\"inLanguage\":\"en-US\"}]}<\/script>\n<!-- \/ Yoast SEO plugin. -->","yoast_head_json":{"title":"Contact us - Fr\u00e9d\u00e9ric Dion, Adventures & Conferences","description":"Fr\u00e9d\u00e9ric Dion Adventurer and speaker   Phone: 819 448-3384 101 Mont\u00e9e Comtois  Notre-Dame-du-Mont-Carmel (Qu\u00e9bec)  G0X 3J0 info@fredericdion.com","robots":{"index":"index","follow":"follow","max-snippet":"max-snippet:-1","max-image-preview":"max-image-preview:large","max-video-preview":"max-video-preview:-1"},"canonical":"https:\/\/www.fredericdion.com\/en\/contact-us\/","og_locale":"en_US","og_type":"article","og_title":"Contact us - Fr\u00e9d\u00e9ric Dion, Adventures & Conferences","og_description":"Fr\u00e9d\u00e9ric Dion Adventurer and speaker   Phone: 819 448-3384 101 Mont\u00e9e Comtois  Notre-Dame-du-Mont-Carmel (Qu\u00e9bec)  G0X 3J0 info@fredericdion.com","og_url":"https:\/\/www.fredericdion.com\/en\/contact-us\/","og_site_name":"Fr\u00e9d\u00e9ric Dion","article_modified_time":"2024-07-23T14:43:36+00:00","og_image":[{"width":1920,"height":750,"url":"https:\/\/www.fredericdion.com\/wp-content\/uploads\/2017\/07\/2-d\u00e9termine.jpg","type":"image\/jpeg"}],"twitter_card":"summary_large_image","twitter_misc":{"Est. reading time":"1 minute"},"schema":{"@context":"https:\/\/schema.org","@graph":[{"@type":"WebPage","@id":"https:\/\/www.fredericdion.com\/en\/contact-us\/","url":"https:\/\/www.fredericdion.com\/en\/contact-us\/","name":"Contact us - Fr\u00e9d\u00e9ric Dion, Adventures & Conferences","isPartOf":{"@id":"https:\/\/www.fredericdion.com\/#website"},"datePublished":"2017-03-16T21:49:10+00:00","dateModified":"2024-07-23T14:43:36+00:00","description":"Fr\u00e9d\u00e9ric Dion Adventurer and speaker Phone: 819 448-3384 101 Mont\u00e9e Comtois Notre-Dame-du-Mont-Carmel (Qu\u00e9bec) G0X 3J0 info@fredericdion.com","breadcrumb":{"@id":"https:\/\/www.fredericdion.com\/en\/contact-us\/#breadcrumb"},"inLanguage":"en-US","potentialAction":[{"@type":"ReadAction","target":["https:\/\/www.fredericdion.com\/en\/contact-us\/"]}]},{"@type":"BreadcrumbList","@id":"https:\/\/www.fredericdion.com\/en\/contact-us\/#breadcrumb","itemListElement":[{"@type":"ListItem","position":1,"name":"","item":"https:\/\/www.fredericdion.com\/en\/"},{"@type":"ListItem","position":2,"name":"Contact us"}]},{"@type":"WebSite","@id":"https:\/\/www.fredericdion.com\/#website","url":"https:\/\/www.fredericdion.com\/","name":"Fr\u00e9d\u00e9ric Dion","description":"Aventurier et conf\u00e9rencier : Plein air et aventure","potentialAction":[{"@type":"SearchAction","target":{"@type":"EntryPoint","urlTemplate":"https:\/\/www.fredericdion.com\/?s={search_term_string}"},"query-input":{"@type":"PropertyValueSpecification","valueRequired":true,"valueName":"search_term_string"}}],"inLanguage":"en-US"}]}},"_links":{"self":[{"href":"https:\/\/www.fredericdion.com\/en\/wp-json\/wp\/v2\/pages\/1908","targetHints":{"allow":["GET"]}}],"collection":[{"href":"https:\/\/www.fredericdion.com\/en\/wp-json\/wp\/v2\/pages"}],"about":[{"href":"https:\/\/www.fredericdion.com\/en\/wp-json\/wp\/v2\/types\/page"}],"author":[{"embeddable":true,"href":"https:\/\/www.fredericdion.com\/en\/wp-json\/wp\/v2\/users\/1"}],"replies":[{"embeddable":true,"href":"https:\/\/www.fredericdion.com\/en\/wp-json\/wp\/v2\/comments?post=1908"}],"version-history":[{"count":6,"href":"https:\/\/www.fredericdion.com\/en\/wp-json\/wp\/v2\/pages\/1908\/revisions"}],"predecessor-version":[{"id":3757,"href":"https:\/\/www.fredericdion.com\/en\/wp-json\/wp\/v2\/pages\/1908\/revisions\/3757"}],"wp:attachment":[{"href":"https:\/\/www.fredericdion.com\/en\/wp-json\/wp\/v2\/media?parent=1908"}],"curies":[{"name":"wp","href":"https:\/\/api.w.org\/{rel}","templated":true}]}}